{"id":33,"date":"2020-04-24T16:39:03","date_gmt":"2020-04-24T14:39:03","guid":{"rendered":"https:\/\/innara.net\/?page_id=33"},"modified":"2024-02-26T09:05:23","modified_gmt":"2024-02-26T08:05:23","slug":"impressum","status":"publish","type":"page","link":"https:\/\/innara.net\/index.php\/impressum\/","title":{"rendered":"Impressum (\u00a7 5 TMG)"},"content":{"rendered":"\n<p>Innara UG (haftungsbeschr\u00e4nkt) &amp; Co. KG, Gro\u00dfer Hasenpfad 120, 60598 Frankfurt<br>Fon: +49 176 20513376<br>E-Mail: <a href=\"mailto:office@innara.net\" target=\"_blank\" rel=\"noreferrer noopener\">office@innara.net<\/a><\/p>\n\n\n\n<p>AG Frankfurt: HRA 50764<br>USt-ID: DE323387927<\/p>\n\n\n\n<p>Haftende Gesellschafterin: SL Media UG (haftungsbeschr\u00e4nkt), Martin-May-Stra\u00dfe 10, 60594 Frankfurt<br>AG Frankfurt: HRB 114862<br>vertreten durch den Gesch\u00e4ftsf\u00fchrer Frank Stiegler<\/p>\n\n\n\n<h2 class=\"wp-block-heading\">Plattform der EU zur au\u00dfergerichtlichen Online-Streitbeilegung:<\/h2>\n\n\n\n<p>Web:&nbsp;<a href=\"http:\/\/ec.europa.eu\/consumers\/odr\" target=\"_blank\" rel=\"noreferrer noopener\">http:\/\/ec.europa.eu\/consumers\/odr<\/a><br>Hinweis gem\u00e4\u00df \u00a7 36 Verbraucherstreitbeilegungsgesetz (VSBG): Zur Teilnahme an einem Streitbeilegungsverfahren vor einer Verbraucherschlichtungsstelle sind wir nicht verpflichtet und grunds\u00e4tzlich nicht bereit.<\/p>\n","protected":false},"excerpt":{"rendered":"<p>Innara UG (haftungsbeschr\u00e4nkt) &amp; Co. KG, Gro\u00dfer Hasenpfad 120, 60598 FrankfurtFon: +49 176 20513376E-Mail: office@innara.net AG Frankfurt: HRA 50764USt-ID: DE323387927 Haftende Gesellschafterin: SL Media UG (haftungsbeschr\u00e4nkt), Martin-May-Stra\u00dfe 10, 60594 FrankfurtAG Frankfurt: HRB 114862vertreten durch den Gesch\u00e4ftsf\u00fchrer Frank Stiegler Plattform der EU zur au\u00dfergerichtlichen Online-Streitbeilegung: Web:&nbsp;http:\/\/ec.europa.eu\/consumers\/odrHinweis gem\u00e4\u00df \u00a7 36 Verbraucherstreitbeilegungsgesetz (VSBG): Zur Teilnahme an einem Streitbeilegungsverfahren &hellip; <\/p>\n<p class=\"link-more\"><a href=\"https:\/\/innara.net\/index.php\/impressum\/\" class=\"more-link\"><span class=\"screen-reader-text\">\u201eImpressum (\u00a7 5 TMG)\u201c<\/span> weiterlesen<\/a><\/p>\n","protected":false},"author":1,"featured_media":0,"parent":0,"menu_order":0,"comment_status":"closed","ping_status":"closed","template":"","meta":{"footnotes":""},"class_list":["post-33","page","type-page","status-publish","hentry"],"_links":{"self":[{"href":"https:\/\/innara.net\/index.php\/wp-json\/wp\/v2\/pages\/33","targetHints":{"allow":["GET"]}}],"collection":[{"href":"https:\/\/innara.net\/index.php\/wp-json\/wp\/v2\/pages"}],"about":[{"href":"https:\/\/innara.net\/index.php\/wp-json\/wp\/v2\/types\/page"}],"author":[{"embeddable":true,"href":"https:\/\/innara.net\/index.php\/wp-json\/wp\/v2\/users\/1"}],"replies":[{"embeddable":true,"href":"https:\/\/innara.net\/index.php\/wp-json\/wp\/v2\/comments?post=33"}],"version-history":[{"count":11,"href":"https:\/\/innara.net\/index.php\/wp-json\/wp\/v2\/pages\/33\/revisions"}],"predecessor-version":[{"id":117,"href":"https:\/\/innara.net\/index.php\/wp-json\/wp\/v2\/pages\/33\/revisions\/117"}],"wp:attachment":[{"href":"https:\/\/innara.net\/index.php\/wp-json\/wp\/v2\/media?parent=33"}],"curies":[{"name":"wp","href":"https:\/\/api.w.org\/{rel}","templated":true}]}}